{"id":874,"date":"2023-02-15T09:59:52","date_gmt":"2023-02-15T09:59:52","guid":{"rendered":"https:\/\/nutrisangrupooperativo.es\/?page_id=874"},"modified":"2024-10-24T09:16:45","modified_gmt":"2024-10-24T09:16:45","slug":"escritos-post","status":"publish","type":"page","link":"https:\/\/nutrisangrupooperativo.es\/?page_id=874","title":{"rendered":"Escritos-post"},"content":{"rendered":"\t\t<div data-elementor-type=\"wp-page\" data-elementor-id=\"874\" class=\"elementor elementor-874\">\n\t\t\t\t\t\t<div class=\"elementor-inner\">\n\t\t\t\t<div class=\"elementor-section-wrap\">\n\t\t\t\t\t\t\t\t\t<section class=\"elementor-section elementor-top-section elementor-element elementor-element-66db676 elementor-section-boxed elementor-section-height-default elementor-section-height-default\" data-id=\"66db676\" data-element_type=\"section\">\n\t\t\t\t\t\t<div class=\"elementor-container elementor-column-gap-default\">\n\t\t\t\t\t\t\t<div class=\"elementor-row\">\n\t\t\t\t\t<div class=\"aux-parallax-section elementor-column elementor-col-100 elementor-top-column elementor-element elementor-element-2510a79\" data-id=\"2510a79\" data-element_type=\"column\">\n\t\t\t<div class=\"elementor-column-wrap elementor-element-populated\">\n\t\t\t\t\t\t\t<div class=\"elementor-widget-wrap\">\n\t\t\t\t\t\t<div class=\"elementor-element elementor-element-87e66ad elementor-widget elementor-widget-text-editor\" data-id=\"87e66ad\" data-element_type=\"widget\" data-widget_type=\"text-editor.default\">\n\t\t\t\t<div class=\"elementor-widget-container\">\n\t\t\t\t\t\t\t\t<div class=\"elementor-text-editor elementor-clearfix\">\n\t\t\t\t<p class=\"MsoNormal\" style=\"margin-left: 72pt; text-indent: -18pt; text-align: center;\"><span style=\"font-size: 11.0pt; mso-fareast-language: EN-US;\">Esta actuaci\u00f3n de NUTRISAN est\u00e1 subvencionada mediante el Fondo<br \/>Europeo Agr\u00edcola de Desarrollo Rural (FEADER), por la Junta de Andaluc\u00eda a<br \/>trav\u00e9s de la Consejer\u00eda de Agricultura, Pesca, Agua y Desarrollo Rural.<\/span><\/p>\t\t\t\t\t<\/div>\n\t\t\t\t\t\t<\/div>\n\t\t\t\t<\/div>\n\t\t\t\t\t\t<\/div>\n\t\t\t\t\t<\/div>\n\t\t<\/div>\n\t\t\t\t\t\t\t\t<\/div>\n\t\t\t\t\t<\/div>\n\t\t<\/section>\n\t\t\t\t<section class=\"elementor-section elementor-top-section elementor-element elementor-element-94224c2 elementor-section-boxed elementor-section-height-default elementor-section-height-default\" data-id=\"94224c2\" data-element_type=\"section\">\n\t\t\t\t\t\t<div class=\"elementor-container elementor-column-gap-default\">\n\t\t\t\t\t\t\t<div class=\"elementor-row\">\n\t\t\t\t\t<div class=\"aux-parallax-section elementor-column elementor-col-100 elementor-top-column elementor-element elementor-element-5c3a800\" data-id=\"5c3a800\" data-element_type=\"column\">\n\t\t\t<div class=\"elementor-column-wrap elementor-element-populated\">\n\t\t\t\t\t\t\t<div class=\"elementor-widget-wrap\">\n\t\t\t\t\t\t<div class=\"elementor-element elementor-element-cc0e59e aux-appear-watch-animation aux-scale-down elementor-widget elementor-widget-aux_modern_heading\" data-id=\"cc0e59e\" data-element_type=\"widget\" data-widget_type=\"aux_modern_heading.default\">\n\t\t\t\t<div class=\"elementor-widget-container\">\n\t\t\t<section class=\"aux-widget-modern-heading\">\n            <div class=\"aux-widget-inner\"><h4 class=\"aux-modern-heading-primary\">Contenidos digitales<\/h4><h2 class=\"aux-modern-heading-secondary\"><span class=\"aux-head-highlight\">Escritos-post<\/span><\/h2><\/div>\n        <\/section>\t\t<\/div>\n\t\t\t\t<\/div>\n\t\t\t\t<div class=\"elementor-element elementor-element-78325a1 aux-appear-watch-animation aux-fade-in-up elementor-widget elementor-widget-aux_recent_posts\" data-id=\"78325a1\" data-element_type=\"widget\" data-settings=\"{&quot;columns_tablet&quot;:&quot;2&quot;,&quot;columns&quot;:&quot;3&quot;,&quot;columns_mobile&quot;:&quot;1&quot;}\" data-widget_type=\"aux_recent_posts.default\">\n\t\t\t\t<div class=\"elementor-widget-container\">\n\t\t\t<script>auxinNS(\"auxin.content.loadmore.au95b1b53f\"); auxin.content.loadmore.au95b1b53f={\"nonce\":\"bff90080ba\",\"args\":{\"title\":\"\",\"subtitle\":\"\",\"cat\":[\"30\"],\"num\":\"16\",\"only_posts__in\":\"\",\"include\":\"\",\"exclude\":\"\",\"offset\":\"\",\"paged\":\"\",\"post_type\":\"post\",\"taxonomy_name\":\"category\",\"order_by\":\"date\",\"order\":\"DESC\",\"exclude_without_media\":\"no\",\"exclude_custom_post_formats\":\"no\",\"exclude_quote_link\":null,\"include_post_formats_in\":\"\",\"exclude_post_formats_in\":[],\"size\":\"\",\"display_title\":\"yes\",\"words_num\":\"\",\"show_media\":\"yes\",\"display_like\":\"\",\"display_comments\":\"\",\"display_categories\":\"yes\",\"max_taxonomy_num\":\"1\",\"show_badge\":\"no\",\"content_layout\":\"default\",\"excerpt_len\":null,\"show_excerpt\":\"\",\"show_content\":\"\",\"show_info\":\"yes\",\"show_format_icon\":\"no\",\"show_date\":\"yes\",\"ignore_formats\":\"no\",\"post_info_position\":\"before-title\",\"author_or_readmore\":\"readmore\",\"image_aspect_ratio\":0.75,\"meta_info_position\":\"after-content\",\"desktop_cnum\":\"3\",\"tablet_cnum\":\"2\",\"phone_cnum\":\"1\",\"preview_mode\":\"grid-table\",\"grid_table_hover\":\"bgimage-bgcolor\",\"tag\":\"\",\"display_author_footer\":null,\"display_author_header\":\"\",\"preloadable\":\"no\",\"preload_preview\":null,\"preload_bgcolor\":null,\"extra_classes\":\"\",\"extra_column_classes\":\"\",\"custom_el_id\":\"\",\"carousel_space\":null,\"carousel_autoplay\":null,\"carousel_autoplay_delay\":null,\"carousel_navigation\":null,\"carousel_navigation_control\":null,\"carousel_nav_control_pos\":null,\"carousel_nav_control_skin\":null,\"carousel_loop\":null,\"request_from\":\"\",\"template_part_file\":\"theme-parts\\\/entry\\\/post-column\",\"extra_template_path\":\"\",\"universal_id\":\"au95b1b53f\",\"reset_query\":true,\"wp_query_args\":[],\"custom_wp_query\":\"\",\"loadmore_type\":\"next\",\"loadmore_per_page\":\"16\",\"content\":null,\"skip_wrappers\":true,\"content_width\":2000,\"inview_transition\":\"none\",\"inview_duration\":\"\",\"inview_delay\":\"\",\"inview_repeat\":\"no\",\"inview_offset\":\"\",\"called_from\":\"\"},\"handler\":\"aux_recent_posts\",\"per_page\":\"16\"};<\/script><section class=\"widget-container aux-ajax-type-next aux-widget-recent-posts aux-parent-au95b1b53f\"><div data-element-id=\"au95b1b53f\" class=\"aux-match-height aux-row aux-de-col3 aux-tb-col2 aux-mb-col1 aux-total-4 aux-grid-table-layout aux-border-collapse aux-has-bghover aux-ajax-view  \"><div class=\"aux-col aux-ajax-item post-1272\">\n                        <article class=\"post column-entry no-media post-1272 type-post status-publish format-standard hentry category-blog-nutrisan category-contenidos-digitales category-escritos-post category-podcast tag-blog tag-manejo-sostenible tag-nutrisan tag-olivar tag-sanidad-olivar\">\n                            \n                            <div class=\"entry-main\">\n                                                                                        \n                                <div class=\"entry-info\">\n                                                                    <div class=\"entry-date\">\n                                        <a href=\"https:\/\/nutrisangrupooperativo.es\/?p=1272\">\n                                            <time datetime=\"2024-06-24T10:32:31+00:00\" title=\"2024-06-24T10:32:31+00:00\" >24\/06\/2024<\/time>\n                                        <\/a>\n                                    <\/div>\n                                                                                                                                    <span class=\"entry-tax \">\n                                        <a href=\"https:\/\/nutrisangrupooperativo.es\/?cat=7\" title=\"View all posts in Blog Nutrisan\" rel=\"category\" >Blog Nutrisan<\/a>                                    <\/span>\n                                                                                                                                            <\/div>\n                            \n                                <header class=\"entry-header\">\n                                \n                                    <h4 class=\"entry-title\">\n                                        <a href=\"https:\/\/nutrisangrupooperativo.es\/?p=1272\">\n                                            <strong>Cooperalive, Predic I y Nutrisan: resultados que transforman el futuro sostenible del olivar<\/strong>                                        <\/a>\n                                    <\/h4>\n                                                                    <div class=\"entry-format\">\n                                        <a href=\"https:\/\/nutrisangrupooperativo.es\/?p=1272\">\n                                            <div class=\"post-format format-\"> <\/div>\n                                        <\/a>\n                                    <\/div>\n                                <\/header>\n                            \n                                                                                        <footer class=\"entry-meta aux-after-content\">\n                                                                        <div class=\"readmore\">\n                                        <a href=\"https:\/\/nutrisangrupooperativo.es\/?p=1272\" class=\"aux-read-more\"><span class=\"aux-read-more-text\">Read More<\/span><\/a>\n                                    <\/div>\n                                                                        <div class=\"comments-iconic\">\n                                                                            <\/div>\n                                                                    <\/footer>\n                            \n                            <\/div>\n\n                        <\/article>\n<\/div><div class=\"aux-col aux-ajax-item post-1224\">\n                        <article class=\"post column-entry no-media post-1224 type-post status-publish format-standard hentry category-blog-nutrisan category-escritos-post category-podcast\">\n                            \n                            <div class=\"entry-main\">\n                                                                                        \n                                <div class=\"entry-info\">\n                                                                    <div class=\"entry-date\">\n                                        <a href=\"https:\/\/nutrisangrupooperativo.es\/?p=1224\">\n                                            <time datetime=\"2023-12-23T13:01:00+00:00\" title=\"2023-12-23T13:01:00+00:00\" >23\/12\/2023<\/time>\n                                        <\/a>\n                                    <\/div>\n                                                                                                                                    <span class=\"entry-tax \">\n                                        <a href=\"https:\/\/nutrisangrupooperativo.es\/?cat=7\" title=\"View all posts in Blog Nutrisan\" rel=\"category\" >Blog Nutrisan<\/a>                                    <\/span>\n                                                                                                                                            <\/div>\n                            \n                                <header class=\"entry-header\">\n                                \n                                    <h4 class=\"entry-title\">\n                                        <a href=\"https:\/\/nutrisangrupooperativo.es\/?p=1224\">\n                                            Avances prometedores en el manejo sostenible del olivar                                        <\/a>\n                                    <\/h4>\n                                                                    <div class=\"entry-format\">\n                                        <a href=\"https:\/\/nutrisangrupooperativo.es\/?p=1224\">\n                                            <div class=\"post-format format-\"> <\/div>\n                                        <\/a>\n                                    <\/div>\n                                <\/header>\n                            \n                                                                                        <footer class=\"entry-meta aux-after-content\">\n                                                                        <div class=\"readmore\">\n                                        <a href=\"https:\/\/nutrisangrupooperativo.es\/?p=1224\" class=\"aux-read-more\"><span class=\"aux-read-more-text\">Read More<\/span><\/a>\n                                    <\/div>\n                                                                        <div class=\"comments-iconic\">\n                                                                            <\/div>\n                                                                    <\/footer>\n                            \n                            <\/div>\n\n                        <\/article>\n<\/div><div class=\"aux-col aux-ajax-item post-1182\">\n                        <article class=\"post column-entry no-media post-1182 type-post status-publish format-standard hentry category-blog-nutrisan category-escritos-post category-podcast tag-manejo-sostenible tag-nutrisan tag-olivar tag-sanidad-olivar\">\n                            \n                            <div class=\"entry-main\">\n                                                                                        \n                                <div class=\"entry-info\">\n                                                                    <div class=\"entry-date\">\n                                        <a href=\"https:\/\/nutrisangrupooperativo.es\/?p=1182\">\n                                            <time datetime=\"2023-07-12T12:12:00+00:00\" title=\"2023-07-12T12:12:00+00:00\" >12\/07\/2023<\/time>\n                                        <\/a>\n                                    <\/div>\n                                                                                                                                    <span class=\"entry-tax \">\n                                        <a href=\"https:\/\/nutrisangrupooperativo.es\/?cat=7\" title=\"View all posts in Blog Nutrisan\" rel=\"category\" >Blog Nutrisan<\/a>                                    <\/span>\n                                                                                                                                            <\/div>\n                            \n                                <header class=\"entry-header\">\n                                \n                                    <h4 class=\"entry-title\">\n                                        <a href=\"https:\/\/nutrisangrupooperativo.es\/?p=1182\">\n                                            Predic I, Cooperalive y Nutrisan: avances para un olivar rentable y sostenible                                        <\/a>\n                                    <\/h4>\n                                                                    <div class=\"entry-format\">\n                                        <a href=\"https:\/\/nutrisangrupooperativo.es\/?p=1182\">\n                                            <div class=\"post-format format-\"> <\/div>\n                                        <\/a>\n                                    <\/div>\n                                <\/header>\n                            \n                                                                                        <footer class=\"entry-meta aux-after-content\">\n                                                                        <div class=\"readmore\">\n                                        <a href=\"https:\/\/nutrisangrupooperativo.es\/?p=1182\" class=\"aux-read-more\"><span class=\"aux-read-more-text\">Read More<\/span><\/a>\n                                    <\/div>\n                                                                        <div class=\"comments-iconic\">\n                                                                            <\/div>\n                                                                    <\/footer>\n                            \n                            <\/div>\n\n                        <\/article>\n<\/div><div class=\"aux-col aux-ajax-item post-1159\">\n                        <article class=\"post column-entry no-media post-1159 type-post status-publish format-standard hentry category-escritos-post\">\n                            \n                            <div class=\"entry-main\">\n                                                                                        \n                                <div class=\"entry-info\">\n                                                                    <div class=\"entry-date\">\n                                        <a href=\"https:\/\/nutrisangrupooperativo.es\/?p=1159\">\n                                            <time datetime=\"2023-02-14T11:45:00+00:00\" title=\"2023-02-14T11:45:00+00:00\" >14\/02\/2023<\/time>\n                                        <\/a>\n                                    <\/div>\n                                                                                                                                    <span class=\"entry-tax \">\n                                        <a href=\"https:\/\/nutrisangrupooperativo.es\/?cat=30\" title=\"View all posts in Escritos-Post\" rel=\"category\" >Escritos-Post<\/a>                                    <\/span>\n                                                                                                                                            <\/div>\n                            \n                                <header class=\"entry-header\">\n                                \n                                    <h4 class=\"entry-title\">\n                                        <a href=\"https:\/\/nutrisangrupooperativo.es\/?p=1159\">\n                                            <strong>Nutrisan: el manejo sostenible del olivar s\u00ed es posible<\/strong>                                        <\/a>\n                                    <\/h4>\n                                                                    <div class=\"entry-format\">\n                                        <a href=\"https:\/\/nutrisangrupooperativo.es\/?p=1159\">\n                                            <div class=\"post-format format-\"> <\/div>\n                                        <\/a>\n                                    <\/div>\n                                <\/header>\n                            \n                                                                                        <footer class=\"entry-meta aux-after-content\">\n                                                                        <div class=\"readmore\">\n                                        <a href=\"https:\/\/nutrisangrupooperativo.es\/?p=1159\" class=\"aux-read-more\"><span class=\"aux-read-more-text\">Read More<\/span><\/a>\n                                    <\/div>\n                                                                        <div class=\"comments-iconic\">\n                                                                            <\/div>\n                                                                    <\/footer>\n                            \n                            <\/div>\n\n                        <\/article>\n<\/div><\/div><\/section><!-- widget-container -->\t\t<\/div>\n\t\t\t\t<\/div>\n\t\t\t\t\t\t<\/div>\n\t\t\t\t\t<\/div>\n\t\t<\/div>\n\t\t\t\t\t\t\t\t<\/div>\n\t\t\t\t\t<\/div>\n\t\t<\/section>\n\t\t\t\t\t\t\t\t\t<\/div>\n\t\t\t<\/div>\n\t\t\t\t\t<\/div>\n\t\t","protected":false},"excerpt":{"rendered":"<p>Esta actuaci\u00f3n de NUTRISAN est\u00e1 subvencionada mediante el FondoEuropeo Agr\u00edcola de Desarrollo Rural (FEADER), por la Junta de Andaluc\u00eda atrav\u00e9s de la Consejer\u00eda de Agricultura, Pesca, Agua y Desarrollo Rural. Contenidos digitales Escritos-post 24\/06\/2024 Blog Nutrisan | Edit Cooperalive, Predic I y Nutrisan: resultados que transforman el futuro sostenible del olivar Read More 23\/12\/2023 Blog [&hellip;]<\/p>\n","protected":false},"author":2,"featured_media":0,"parent":274,"menu_order":1,"comment_status":"closed","ping_status":"closed","template":"templates\/page-builder-content.php","meta":{"om_disable_all_campaigns":false,"_monsterinsights_skip_tracking":false,"_monsterinsights_sitenote_active":false,"_monsterinsights_sitenote_note":"","_monsterinsights_sitenote_category":0,"ngg_post_thumbnail":0},"aioseo_notices":[],"_links":{"self":[{"href":"https:\/\/nutrisangrupooperativo.es\/index.php?rest_route=\/wp\/v2\/pages\/874"}],"collection":[{"href":"https:\/\/nutrisangrupooperativo.es\/index.php?rest_route=\/wp\/v2\/pages"}],"about":[{"href":"https:\/\/nutrisangrupooperativo.es\/index.php?rest_route=\/wp\/v2\/types\/page"}],"author":[{"embeddable":true,"href":"https:\/\/nutrisangrupooperativo.es\/index.php?rest_route=\/wp\/v2\/users\/2"}],"replies":[{"embeddable":true,"href":"https:\/\/nutrisangrupooperativo.es\/index.php?rest_route=%2Fwp%2Fv2%2Fcomments&post=874"}],"version-history":[{"count":63,"href":"https:\/\/nutrisangrupooperativo.es\/index.php?rest_route=\/wp\/v2\/pages\/874\/revisions"}],"predecessor-version":[{"id":1325,"href":"https:\/\/nutrisangrupooperativo.es\/index.php?rest_route=\/wp\/v2\/pages\/874\/revisions\/1325"}],"up":[{"embeddable":true,"href":"https:\/\/nutrisangrupooperativo.es\/index.php?rest_route=\/wp\/v2\/pages\/274"}],"wp:attachment":[{"href":"https:\/\/nutrisangrupooperativo.es\/index.php?rest_route=%2Fwp%2Fv2%2Fmedia&parent=874"}],"curies":[{"name":"wp","href":"https:\/\/api.w.org\/{rel}","templated":true}]}}