{"id":113,"date":"2021-04-04T09:17:20","date_gmt":"2021-04-04T09:17:20","guid":{"rendered":"https:\/\/nutrisangrupooperativo.es\/?page_id=113"},"modified":"2023-02-08T06:48:44","modified_gmt":"2023-02-08T06:48:44","slug":"about","status":"publish","type":"page","link":"https:\/\/nutrisangrupooperativo.es\/?page_id=113","title":{"rendered":"Proyecto y Miembros"},"content":{"rendered":"\t\t<div data-elementor-type=\"wp-page\" data-elementor-id=\"113\" class=\"elementor elementor-113\">\n\t\t\t\t\t\t<div class=\"elementor-inner\">\n\t\t\t\t<div class=\"elementor-section-wrap\">\n\t\t\t\t\t\t\t\t\t<section class=\"elementor-section elementor-top-section elementor-element elementor-element-b6e97be elementor-section-content-middle elementor-section-boxed elementor-section-height-default elementor-section-height-default\" data-id=\"b6e97be\" data-element_type=\"section\">\n\t\t\t\t\t\t<div class=\"elementor-container elementor-column-gap-no\">\n\t\t\t\t\t\t\t<div class=\"elementor-row\">\n\t\t\t\t\t<div class=\"aux-parallax-section elementor-column elementor-col-100 elementor-top-column elementor-element elementor-element-f5c822e\" data-id=\"f5c822e\" data-element_type=\"column\">\n\t\t\t<div class=\"elementor-column-wrap\">\n\t\t\t\t\t\t\t<div class=\"elementor-widget-wrap\">\n\t\t\t\t\t\t\t\t<\/div>\n\t\t\t\t\t<\/div>\n\t\t<\/div>\n\t\t\t\t\t\t\t\t<\/div>\n\t\t\t\t\t<\/div>\n\t\t<\/section>\n\t\t\t\t<section class=\"elementor-section elementor-top-section elementor-element elementor-element-3ae2f20 elementor-section-boxed elementor-section-height-default elementor-section-height-default\" data-id=\"3ae2f20\" data-element_type=\"section\" data-settings=\"{&quot;background_background&quot;:&quot;classic&quot;}\">\n\t\t\t\t\t\t<div class=\"elementor-container elementor-column-gap-no\">\n\t\t\t\t\t\t\t<div class=\"elementor-row\">\n\t\t\t\t\t<div class=\"aux-parallax-section elementor-column elementor-col-100 elementor-top-column elementor-element elementor-element-10c29e5\" data-id=\"10c29e5\" data-element_type=\"column\">\n\t\t\t<div class=\"elementor-column-wrap elementor-element-populated\">\n\t\t\t\t\t\t\t<div class=\"elementor-widget-wrap\">\n\t\t\t\t\t\t<div class=\"elementor-element elementor-element-cf1b7b3 aux-appear-watch-animation aux-fade-in-up-1 elementor-widget elementor-widget-aux_modern_heading\" data-id=\"cf1b7b3\" data-element_type=\"widget\" data-widget_type=\"aux_modern_heading.default\">\n\t\t\t\t<div class=\"elementor-widget-container\">\n\t\t\t<section class=\"aux-widget-modern-heading\">\n            <div class=\"aux-widget-inner\"><h1 class=\"aux-modern-heading-primary\"> MANEJO SOSTENIBLE DE LA NUTRICI\u00d3N Y LA SANIDAD DEL OLIVAR<\/h1><\/div>\n        <\/section>\t\t<\/div>\n\t\t\t\t<\/div>\n\t\t\t\t<div class=\"elementor-element elementor-element-81f60dc elementor-widget elementor-widget-text-editor\" data-id=\"81f60dc\" data-element_type=\"widget\" data-widget_type=\"text-editor.default\">\n\t\t\t\t<div class=\"elementor-widget-container\">\n\t\t\t\t\t\t\t\t<div class=\"elementor-text-editor elementor-clearfix\">\n\t\t\t\t<h1><strong>Objetivo<\/strong>:<\/h1><h5>Transferir al sector ole\u00edcola los conocimientos actuales que se han generado sobre el manejo sostenible de la nutrici\u00f3n y la sanidad del olivar, lo que repercutir\u00e1 directamente, a juzgar por los resultados obtenidos, en una reducci\u00f3n notable del empleo de agroqu\u00edmicos en el olivar sin merma de la producci\u00f3n, con un aumento de la calidad del aceite y una reducci\u00f3n significativa de los costes de producci\u00f3n<\/h5><h1><strong>Resultados esperados<\/strong>:<\/h1><h4><strong>Los resultados generales que se prev\u00e9n obtener son los siguientes:<\/strong><\/h4><ul><li><h5>Una reducci\u00f3n notable del empleo de agroqu\u00edmicos en el olivar sin merma de la producci\u00f3n<\/h5><\/li><li><h5>Un aumento de la calidad del aceite, debido a un control del abonado nitrogenado y a la eficiencia del control de plagas y enfermedades<\/h5><\/li><li><h5>Una reducci\u00f3n significativa de los costes de producci\u00f3n, consecuencia de los puntos anteriores<\/h5><\/li><li><h5>Una disminuci\u00f3n clara del impacto ambiental de la olivicultura, al reducir el uso de agroqu\u00edmicos innecesarios para el normal desarrollo del cultivo y al empleo de t\u00e9cnicas alternativas efectivas<\/h5><\/li><\/ul><h4><strong>Tambi\u00e9n se prev\u00e9n obtener los siguientes resultados espec\u00edficos:<\/strong><\/h4><ul><li><h5>Reducci\u00f3n de la poblaci\u00f3n de la mosca del olivo emergente del suelo en primavera, lo que significa menos ataque en oto\u00f1o, al emplear un m\u00e9todo innovador basado en las aplicaciones de suelo de la cepa EAMa 01\/58-Su de M. brunneum<\/h5><\/li><li><h5>Reducci\u00f3n del gasto de insecticidas empleados para el control de la mosca del olivo mediante el empleo de la trampa cromotr\u00f3pica electr\u00f3nica<\/h5><\/li><li><h5>Reducir el gasto de los fungicidas empleados para el control de las enfermedades a\u00e9reas del olivar mediante la utilizaci\u00f3n de estrategias de manejo basadas en los riesgos de infecci\u00f3n y el uso de productos alternativos<\/h5><\/li><li><h5>Reducir la incidencia de la verticilosis del olivo mediante una estrategia de control integrado de la enfermedad basada principalmente en el uso de pr\u00e1cticas f\u00edsico-culturales, m\u00e9todos de control biol\u00f3gico y resistencia varietal<\/h5><\/li><li><h5>Reducir la incidencia de heladas primaverales; impedir una reducci\u00f3n dr\u00e1stica de la longevidad del \u00f3vulo en a\u00f1os con aumento de la temperatura en floraci\u00f3n; e impedir un retraso en la maduraci\u00f3n, que conllevar\u00eda una reducci\u00f3n del rendimiento graso, todo ello por un control efectivo del abonado nitrogenado<\/h5><\/li><li><h5>Un empleo racional del f\u00f3sforo en los programas de fertilizaci\u00f3n, un recurso que puede agotarse a mediados del presente siglo si se sigue con un empleo irracional en agricultura, y muy particularmente en cultivos le\u00f1osos como el olivo, que requieren m\u00ednimas cantidades de este elemento<\/h5><\/li><\/ul><h1><strong>Miembros participantes:<\/strong><\/h1><ul><li><h5><strong>CITOLIVA <br \/><\/strong><\/h5><\/li><li><h5><strong>UNIVERSIDAD DE C\u00d3RDOBA (UCO) <br \/><\/strong><\/h5><\/li><li><h5><strong>COAG JA\u00c9N <\/strong><\/h5><\/li><\/ul><h5><strong>Duraci\u00f3n<\/strong>: 2021\/2022<\/h5><h5><strong>Presupuesto total:<\/strong> 282.464 \u20ac<\/h5><h5><strong>L\u00ednea de ayudas:<\/strong> Funcionamiento de Grupos Operativos de la Asociaci\u00f3n Europea de Innovaci\u00f3n (AEI) en materia de productividad y sostenibilidad agr\u00edcolas en el sector del olivar (Operaci\u00f3n 16.1.3.)<\/h5><h5><strong>Organismo financiador:<\/strong> El proyecto est\u00e1 subvencionado mediante el Fondo Europeo Agr\u00edcola de Desarrollo Rural (FEADER), por la Junta de Andaluc\u00eda a trav\u00e9s de la Consejer\u00eda de Agricultura, Ganader\u00eda, Pesca y Desarrollo Sostenible<\/h5>\t\t\t\t\t<\/div>\n\t\t\t\t\t\t<\/div>\n\t\t\t\t<\/div>\n\t\t\t\t\t\t<\/div>\n\t\t\t\t\t<\/div>\n\t\t<\/div>\n\t\t\t\t\t\t\t\t<\/div>\n\t\t\t\t\t<\/div>\n\t\t<\/section>\n\t\t\t\t<section class=\"elementor-section elementor-top-section elementor-element elementor-element-7648f73 elementor-section-boxed elementor-section-height-default elementor-section-height-default\" data-id=\"7648f73\" data-element_type=\"section\">\n\t\t\t\t\t\t<div class=\"elementor-container elementor-column-gap-default\">\n\t\t\t\t\t\t\t<div class=\"elementor-row\">\n\t\t\t\t\t<div class=\"aux-parallax-section elementor-column elementor-col-100 elementor-top-column elementor-element elementor-element-3102f3f\" data-id=\"3102f3f\" data-element_type=\"column\">\n\t\t\t<div class=\"elementor-column-wrap elementor-element-populated\">\n\t\t\t\t\t\t\t<div class=\"elementor-widget-wrap\">\n\t\t\t\t\t\t<div class=\"elementor-element elementor-element-94c4141 aux-appear-watch-animation aux-scale-down elementor-widget elementor-widget-aux_modern_heading\" data-id=\"94c4141\" data-element_type=\"widget\" data-widget_type=\"aux_modern_heading.default\">\n\t\t\t\t<div class=\"elementor-widget-container\">\n\t\t\t<section class=\"aux-widget-modern-heading\">\n            <div class=\"aux-widget-inner\"><h4 class=\"aux-modern-heading-primary\">Nutrisan<\/h4><h2 class=\"aux-modern-heading-secondary\"><span class=\"aux-head-highlight\">Miembros del proyecto<\/span><\/h2><\/div>\n        <\/section>\t\t<\/div>\n\t\t\t\t<\/div>\n\t\t\t\t<section class=\"elementor-section elementor-inner-section elementor-element elementor-element-c9d1ff0 elementor-section-boxed elementor-section-height-default elementor-section-height-default\" data-id=\"c9d1ff0\" data-element_type=\"section\">\n\t\t\t\t\t\t<div class=\"elementor-container elementor-column-gap-no\">\n\t\t\t\t\t\t\t<div class=\"elementor-row\">\n\t\t\t\t\t<div class=\"aux-parallax-section elementor-column elementor-col-33 elementor-inner-column elementor-element elementor-element-1d12f0d\" data-id=\"1d12f0d\" data-element_type=\"column\">\n\t\t\t<div class=\"elementor-column-wrap elementor-element-populated\">\n\t\t\t\t\t\t\t<div class=\"elementor-widget-wrap\">\n\t\t\t\t\t\t<div class=\"elementor-element elementor-element-cb7ac9f aux-appear-watch-animation aux-scale-up elementor-widget__width-initial elementor-widget elementor-widget-aux_staff\" data-id=\"cb7ac9f\" data-element_type=\"widget\" data-widget_type=\"aux_staff.default\">\n\t\t\t\t<div class=\"elementor-widget-container\">\n\t\t\t<section class=\"aux-wrap-style-simple widget-container aux-widget-staff aux-parent-au4679536a\">    <div class=\"aux-staff-container aux-staff-pos-top aux-staff-text-center aux-staff-text-dark \" >\n            <div class=\"aux-staff-header aux-staff-img-rect\">\n            <div class=\"aux-media-image\"><img decoding=\"async\" loading=\"lazy\" width=\"512\" height=\"316\" src=\"https:\/\/nutrisangrupooperativo.es\/wp-content\/uploads\/2022\/11\/uco_web-40x25.jpg\" class=\" aux-preload aux-has-preview\" alt=\"uco_web\" data-ratio=\"1.62\" data-original-w=\"512\" data-src=\"https:\/\/nutrisangrupooperativo.es\/wp-content\/uploads\/2022\/11\/uco_web.jpg\" \/><\/div>        <\/div>\n            <div class=\"aux-staff-content\">\n                        <h4 class=\"col-title\"><a href=\"#\">\n            Universidad de C\u00f3rdoba<\/a>\n            <\/h4>\n                        <div class=\"entry-content\">\n                                La Universidad de C\u00f3rdoba es una instituci\u00f3n educativa p\u00fablica ubicada en la ciudad de C\u00f3rdoba, Espa\u00f1a. Fundada en 1972, es una de las m\u00e1s importantes del pa\u00eds y cuenta con una amplia oferta acad\u00e9mica en \u00e1reas como derecho, ciencias sociales, humanidades, ingenier\u00eda, econom\u00eda y empresariales. Adem\u00e1s, cuenta con una s\u00f3lida tradici\u00f3n de investigaci\u00f3n y colaboraci\u00f3n con el sector empresarial y otros agentes locales. La Universidad de C\u00f3rdoba se esfuerza por fomentar la formaci\u00f3n integral de sus estudiantes y por estar a la vanguardia en la educaci\u00f3n y la investigaci\u00f3n.            <\/div>\n                    <\/div>\n\n    <\/div>\n\n\n<\/section><!-- widget-container -->\t\t<\/div>\n\t\t\t\t<\/div>\n\t\t\t\t\t\t<\/div>\n\t\t\t\t\t<\/div>\n\t\t<\/div>\n\t\t\t\t<div class=\"aux-parallax-section elementor-column elementor-col-33 elementor-inner-column elementor-element elementor-element-1809fda\" data-id=\"1809fda\" data-element_type=\"column\">\n\t\t\t<div class=\"elementor-column-wrap elementor-element-populated\">\n\t\t\t\t\t\t\t<div class=\"elementor-widget-wrap\">\n\t\t\t\t\t\t<div class=\"elementor-element elementor-element-493ba61 aux-appear-watch-animation aux-scale-up elementor-widget__width-initial elementor-widget elementor-widget-aux_staff\" data-id=\"493ba61\" data-element_type=\"widget\" data-widget_type=\"aux_staff.default\">\n\t\t\t\t<div class=\"elementor-widget-container\">\n\t\t\t<section class=\"aux-wrap-style-simple widget-container aux-widget-staff aux-parent-auc7fd398f\">    <div class=\"aux-staff-container aux-staff-pos-top aux-staff-text-center aux-staff-text-dark \" >\n            <div class=\"aux-staff-header aux-staff-img-rect\">\n            <div class=\"aux-media-image\"><img decoding=\"async\" loading=\"lazy\" width=\"512\" height=\"209\" src=\"https:\/\/nutrisangrupooperativo.es\/wp-content\/uploads\/2022\/11\/Citoliva_logo2-40x16.jpg\" class=\" aux-preload aux-has-preview\" alt=\"Citoliva_logo2\" data-ratio=\"2.45\" data-original-w=\"512\" data-src=\"https:\/\/nutrisangrupooperativo.es\/wp-content\/uploads\/2022\/11\/Citoliva_logo2.jpg\" \/><\/div>        <\/div>\n            <div class=\"aux-staff-content\">\n                        <h4 class=\"col-title\"><a href=\"#\">\n            Citoliva<\/a>\n            <\/h4>\n                        <div class=\"entry-content\">\n                                Citoliva es una cooperativa agr\u00edcola situada en Ja\u00e9n, Espa\u00f1a. Fundada en 1972, Citoliva se ha consolidado como uno de los principales productores de aceite de oliva de alta calidad en el pa\u00eds. Con m\u00e1s de 1.000 socios productores, Citoliva se esfuerza por fomentar la sostenibilidad y la responsabilidad social y ambiental en la producci\u00f3n de aceite de oliva. Adem\u00e1s, cuenta con una amplia gama de productos, desde aceites de oliva virgen extra hasta aceites aromatizados y vinagres, todos ellos con la m\u00e1xima calidad y un sabor excepcional. Citoliva es reconocida por su compromiso con la tradici\u00f3n y la innovaci\u00f3n en la producci\u00f3n de aceite de oliva, lo que le ha permitido posicionarse como una de las marcas l\u00edderes en el mercado.            <\/div>\n                        <div class=\"aux-staff-footer aux-small aux-horizontal\">\n                    <ul class=\"aux-social-list\">\n\n                                            <li>\n                            <a class=\"facebook\" href=\"#\" target=\"_blank\"><span class=\"auxicon-facebook\"><\/span>\n                            <\/a>\n                        <\/li>\n                                                                <li>\n                            <a class=\"linkedin\" href=\"#\" target=\"_blank\"><span class=\"auxicon-linkedin\"><\/span>\n                            <\/a>\n                        <\/li>\n                                                                <li>\n                            <a class=\"twitter\" href=\"#\" target=\"_blank\"><span class=\"auxicon-twitter\"><\/span>\n                            <\/a>\n                        <\/li>\n                                                                                                                                                                   <li>\n                            <a class=\"instagram\" href=\"#\" target=\"_blank\"><span class=\"auxicon-instagram\"><\/span>\n                            <\/a>\n                        <\/li>\n                                                          <\/ul>\n           <\/div>\n                    <\/div>\n\n    <\/div>\n\n\n<\/section><!-- widget-container -->\t\t<\/div>\n\t\t\t\t<\/div>\n\t\t\t\t\t\t<\/div>\n\t\t\t\t\t<\/div>\n\t\t<\/div>\n\t\t\t\t<div class=\"aux-parallax-section elementor-column elementor-col-33 elementor-inner-column elementor-element elementor-element-3a2076f\" data-id=\"3a2076f\" data-element_type=\"column\">\n\t\t\t<div class=\"elementor-column-wrap elementor-element-populated\">\n\t\t\t\t\t\t\t<div class=\"elementor-widget-wrap\">\n\t\t\t\t\t\t<div class=\"elementor-element elementor-element-60f1bb4 aux-appear-watch-animation aux-scale-up elementor-widget__width-initial elementor-widget elementor-widget-aux_staff\" data-id=\"60f1bb4\" data-element_type=\"widget\" data-widget_type=\"aux_staff.default\">\n\t\t\t\t<div class=\"elementor-widget-container\">\n\t\t\t<section class=\"aux-wrap-style-simple widget-container aux-widget-staff aux-parent-aud85f9da1\">    <div class=\"aux-staff-container aux-staff-pos-top aux-staff-text-center aux-staff-text-dark \" >\n            <div class=\"aux-staff-header aux-staff-img-rect\">\n            <div class=\"aux-media-image\"><img decoding=\"async\" loading=\"lazy\" width=\"512\" height=\"317\" src=\"https:\/\/nutrisangrupooperativo.es\/wp-content\/uploads\/2022\/11\/coag_web-40x25.jpg\" class=\" aux-preload aux-has-preview\" alt=\"coag_web\" data-ratio=\"1.62\" data-original-w=\"512\" data-src=\"https:\/\/nutrisangrupooperativo.es\/wp-content\/uploads\/2022\/11\/coag_web.jpg\" \/><\/div>        <\/div>\n            <div class=\"aux-staff-content\">\n                        <h4 class=\"col-title\"><a href=\"#\">\n            Coag Ja\u00e9n<\/a>\n            <\/h4>\n                        <div class=\"entry-content\">\n                                La COAG (Coordinadora de Organizaciones de Agricultores y Ganaderos) es una organizaci\u00f3n agraria situada en Ja\u00e9n, Espa\u00f1a. Fundada en 1966, la COAG representa a los agricultores y ganaderos de todo el pa\u00eds y se esfuerza por mejorar sus condiciones econ\u00f3micas, sociales y ambientales. La COAG trabaja en estrecha colaboraci\u00f3n con otras organizaciones agrarias y con las administraciones p\u00fablicas para garantizar una pol\u00edtica agr\u00edcola justa y sostenible. Adem\u00e1s, la COAG promueve la formaci\u00f3n y la innovaci\u00f3n en el sector agr\u00edcola y apoya la creaci\u00f3n de empresas y la diversificaci\u00f3n econ\u00f3mica en el mundo rural. La COAG es una organizaci\u00f3n l\u00edder en el sector agr\u00edcola espa\u00f1ol y una de las m\u00e1s importantes de Europa.            <\/div>\n                        <div class=\"aux-staff-footer aux-small aux-horizontal\">\n                    <ul class=\"aux-social-list\">\n\n                                            <li>\n                            <a class=\"facebook\" href=\"#\" target=\"_blank\"><span class=\"auxicon-facebook\"><\/span>\n                            <\/a>\n                        <\/li>\n                                                                <li>\n                            <a class=\"linkedin\" href=\"#\" target=\"_blank\"><span class=\"auxicon-linkedin\"><\/span>\n                            <\/a>\n                        <\/li>\n                                                                <li>\n                            <a class=\"twitter\" href=\"#\" target=\"_blank\"><span class=\"auxicon-twitter\"><\/span>\n                            <\/a>\n                        <\/li>\n                                                                                                                                                                   <li>\n                            <a class=\"instagram\" href=\"#\" target=\"_blank\"><span class=\"auxicon-instagram\"><\/span>\n                            <\/a>\n                        <\/li>\n                                                          <\/ul>\n           <\/div>\n                    <\/div>\n\n    <\/div>\n\n\n<\/section><!-- widget-container -->\t\t<\/div>\n\t\t\t\t<\/div>\n\t\t\t\t\t\t<\/div>\n\t\t\t\t\t<\/div>\n\t\t<\/div>\n\t\t\t\t\t\t\t\t<\/div>\n\t\t\t\t\t<\/div>\n\t\t<\/section>\n\t\t\t\t\t\t<\/div>\n\t\t\t\t\t<\/div>\n\t\t<\/div>\n\t\t\t\t\t\t\t\t<\/div>\n\t\t\t\t\t<\/div>\n\t\t<\/section>\n\t\t\t\t\t\t\t\t\t<\/div>\n\t\t\t<\/div>\n\t\t\t\t\t<\/div>\n\t\t","protected":false},"excerpt":{"rendered":"<p>MANEJO SOSTENIBLE DE LA NUTRICI\u00d3N Y LA SANIDAD DEL OLIVAR Objetivo: Transferir al sector ole\u00edcola los conocimientos actuales que se han generado sobre el manejo sostenible de la nutrici\u00f3n y la sanidad del olivar, lo que repercutir\u00e1 directamente, a juzgar por los resultados obtenidos, en una reducci\u00f3n notable del empleo de agroqu\u00edmicos en el olivar [&hellip;]<\/p>\n","protected":false},"author":1,"featured_media":0,"parent":0,"menu_order":0,"comment_status":"closed","ping_status":"closed","template":"templates\/page-builder-content.php","meta":{"om_disable_all_campaigns":false,"_monsterinsights_skip_tracking":false,"_monsterinsights_sitenote_active":false,"_monsterinsights_sitenote_note":"","_monsterinsights_sitenote_category":0,"ngg_post_thumbnail":0},"aioseo_notices":[],"_links":{"self":[{"href":"https:\/\/nutrisangrupooperativo.es\/index.php?rest_route=\/wp\/v2\/pages\/113"}],"collection":[{"href":"https:\/\/nutrisangrupooperativo.es\/index.php?rest_route=\/wp\/v2\/pages"}],"about":[{"href":"https:\/\/nutrisangrupooperativo.es\/index.php?rest_route=\/wp\/v2\/types\/page"}],"author":[{"embeddable":true,"href":"https:\/\/nutrisangrupooperativo.es\/index.php?rest_route=\/wp\/v2\/users\/1"}],"replies":[{"embeddable":true,"href":"https:\/\/nutrisangrupooperativo.es\/index.php?rest_route=%2Fwp%2Fv2%2Fcomments&post=113"}],"version-history":[{"count":58,"href":"https:\/\/nutrisangrupooperativo.es\/index.php?rest_route=\/wp\/v2\/pages\/113\/revisions"}],"predecessor-version":[{"id":867,"href":"https:\/\/nutrisangrupooperativo.es\/index.php?rest_route=\/wp\/v2\/pages\/113\/revisions\/867"}],"wp:attachment":[{"href":"https:\/\/nutrisangrupooperativo.es\/index.php?rest_route=%2Fwp%2Fv2%2Fmedia&parent=113"}],"curies":[{"name":"wp","href":"https:\/\/api.w.org\/{rel}","templated":true}]}}